{"id":2,"date":"2015-08-19T13:08:18","date_gmt":"2015-08-19T04:08:18","guid":{"rendered":"https:\/\/japamanga.com\/vn\/?page_id=2"},"modified":"2018-05-29T13:24:26","modified_gmt":"2018-05-29T04:24:26","slug":"sample-page","status":"publish","type":"page","link":"https:\/\/japamanga.com\/vn\/","title":{"rendered":"V\u00ec t\u00f4i l\u00e0 ng\u01b0\u1eddi gi\u00fap vi\u1ec7c!"},"content":{"rendered":"<p><script async src=\"\/\/pagead2.googlesyndication.com\/pagead\/js\/adsbygoogle.js\"><\/script><br \/>\n<!-- japamangadisplay --><br \/>\n<ins class=\"adsbygoogle\"\n     style=\"display:block\"\n     data-ad-client=\"ca-pub-6827739072170318\"\n     data-ad-slot=\"4699615788\"\n     data-ad-format=\"auto\"><\/ins><br \/>\n<script>\n(adsbygoogle = window.adsbygoogle || []).push({});\n<\/script><\/p>\n<p><a href=\"https:\/\/play.google.com\/store\/books\/details\/Sayuri_SAKAI_V%C3%AC_t%C3%B4i_l%C3%A0_ng%C6%B0%E1%BB%9Di_gi%C3%BAp_vi%E1%BB%87c_1?id=ZqeUAwAAQBAJ\" target=\"_blank\" rel=\"noopener\"><img loading=\"lazy\" decoding=\"async\" class=\"alignnone\" src=\"https:\/\/japamanga.com\/vn\/wp-content\/uploads\/2015\/08\/vn0025_top.jpg\" alt=\"\" width=\"970\" height=\"720\" \/><\/a><br \/>\n[ Cu\u1ed1i c\u00f9ng th\u00ec Otonashi Karen c\u0169ng \u0111\u00e3 \u0111\u1ebfn r\u1ed3i\u2026\u2026! n\u01a1i \u0111\u1ecbnh m\u1ec7nh n\u00e0y !!]<\/p>\n<p>M\u1ee5c ti\u00eau l\u00e0 mu\u1ed1n tr\u1edf th\u00e0nh ng\u01b0\u1eddi gi\u00fap vi\u1ec7c xu\u1ea5t s\u1eafc gi\u1ed1ng nh\u01b0 b\u00e0, nh\u00e2n v\u1eadt ch\u00ednh Otonashi Karen \u0111\u00e3 \u0111\u1ebfn d\u1ef1 thi cu\u1ed9c thi tuy\u1ec3n ng\u01b0\u1eddi gi\u00fap vi\u1ec7c nh\u00e0 Mitsurugi<\/p>\n<p>Nh\u1eefng c\u1eadu ch\u1ee7 \u0111\u1eb9p trai nh\u00e0 Mitsurugi \u0111\u00e3 ra n\u1ed9i dung \u0111\u1ec1 thi nh\u01b0 th\u1ebf n\u00e0o&#8230;?<\/p>\n<p><a class=\"btn btn-primary btn-lg btn-block\" href=\"https:\/\/play.google.com\/store\/books\/details\/Sayuri_SAKAI_V%C3%AC_t%C3%B4i_l%C3%A0_ng%C6%B0%E1%BB%9Di_gi%C3%BAp_vi%E1%BB%87c_1?id=ZqeUAwAAQBAJ\" target=\"_blank\" rel=\"noopener\">Google Play [V\u00ec t\u00f4i l\u00e0 ng\u01b0\u1eddi gi\u00fap vi\u1ec7c! 1]<\/a><\/p>\n<p><a href=\"https:\/\/line.me\/S\/sticker\/1029935\" target=\"_blank\" rel=\"noopener\"><img loading=\"lazy\" decoding=\"async\" class=\"alignnone\" src=\"https:\/\/japamanga.com\/vn\/wp-content\/uploads\/2015\/08\/e0025_Linestickers.jpg\" width=\"640\" height=\"180\" \/><\/a><\/p>\n<p><script async src=\"\/\/pagead2.googlesyndication.com\/pagead\/js\/adsbygoogle.js\"><\/script><br \/>\n<!-- japamangadisplay --><br \/>\n<ins class=\"adsbygoogle\"\n     style=\"display:block\"\n     data-ad-client=\"ca-pub-6827739072170318\"\n     data-ad-slot=\"4699615788\"\n     data-ad-format=\"auto\"><\/ins><br \/>\n<script>\n(adsbygoogle = window.adsbygoogle || []).push({});\n<\/script><\/p>\n","protected":false},"excerpt":{"rendered":"<p>[ Cu\u1ed1i c\u00f9ng th\u00ec Otonashi Karen [&hellip;]<\/p>\n","protected":false},"author":1,"featured_media":37,"parent":0,"menu_order":0,"comment_status":"open","ping_status":"open","template":"","meta":{"_price":"","_stock":"","_tribe_ticket_header":"","_tribe_default_ticket_provider":"","_tribe_ticket_capacity":"0","_ticket_start_date":"","_ticket_end_date":"","_tribe_ticket_show_description":"","_tribe_ticket_show_not_going":false,"_tribe_ticket_use_global_stock":"","_tribe_ticket_global_stock_level":"","_global_stock_mode":"","_global_stock_cap":"","_tribe_rsvp_for_event":"","_tribe_ticket_going_count":"","_tribe_ticket_not_going_count":"","_tribe_tickets_list":"[]","_tribe_ticket_has_attendee_info_fields":false,"vkexunit_cta_each_option":"","footnotes":"","_tec_slr_enabled":"","_tec_slr_layout":""},"class_list":["post-2","page","type-page","status-publish","has-post-thumbnail","hentry"],"ticketed":false,"_links":{"self":[{"href":"https:\/\/japamanga.com\/vn\/wp-json\/wp\/v2\/pages\/2","targetHints":{"allow":["GET"]}}],"collection":[{"href":"https:\/\/japamanga.com\/vn\/wp-json\/wp\/v2\/pages"}],"about":[{"href":"https:\/\/japamanga.com\/vn\/wp-json\/wp\/v2\/types\/page"}],"author":[{"embeddable":true,"href":"https:\/\/japamanga.com\/vn\/wp-json\/wp\/v2\/users\/1"}],"replies":[{"embeddable":true,"href":"https:\/\/japamanga.com\/vn\/wp-json\/wp\/v2\/comments?post=2"}],"version-history":[{"count":19,"href":"https:\/\/japamanga.com\/vn\/wp-json\/wp\/v2\/pages\/2\/revisions"}],"predecessor-version":[{"id":115,"href":"https:\/\/japamanga.com\/vn\/wp-json\/wp\/v2\/pages\/2\/revisions\/115"}],"wp:featuredmedia":[{"embeddable":true,"href":"https:\/\/japamanga.com\/vn\/wp-json\/wp\/v2\/media\/37"}],"wp:attachment":[{"href":"https:\/\/japamanga.com\/vn\/wp-json\/wp\/v2\/media?parent=2"}],"curies":[{"name":"wp","href":"https:\/\/api.w.org\/{rel}","templated":true}]}}