{"id":31,"date":"2015-08-22T15:24:20","date_gmt":"2015-08-22T06:24:20","guid":{"rendered":"https:\/\/japamanga.com\/vn\/?page_id=31"},"modified":"2023-08-17T13:01:34","modified_gmt":"2023-08-17T04:01:34","slug":"gioi-thieu-nhan-vat","status":"publish","type":"page","link":"https:\/\/japamanga.com\/vn\/gioi-thieu-nhan-vat\/","title":{"rendered":"gi\u1edbi thi\u1ec7u nh\u00e2n v\u1eadt"},"content":{"rendered":"<p><script async src=\"\/\/pagead2.googlesyndication.com\/pagead\/js\/adsbygoogle.js\"><span data-mce-type=\"bookmark\" style=\"display: inline-block; width: 0px; overflow: hidden; line-height: 0;\" class=\"mce_SELRES_start\">\ufeff<\/span><\/script><\/p>\n<p><!-- japamangadisplay --><\/p>\n<p><ins class=\"adsbygoogle\" style=\"display: block;\" data-ad-client=\"ca-pub-6827739072170318\" data-ad-slot=\"4699615788\" data-ad-format=\"auto\"><\/ins> <script>\n(adsbygoogle = window.adsbygoogle || []).push({});\n<\/script><\/p>\n<p><img loading=\"lazy\" decoding=\"async\" title=\"\" src=\"https:\/\/japamanga.com\/vn\/wp-content\/uploads\/2015\/08\/maid_cha_vn_bn.jpg\" alt=\"\" width=\"640\" height=\"180\" \/><br \/>\n<img decoding=\"async\" title=\"\" src=\"https:\/\/japamanga.com\/vn\/wp-content\/uploads\/2015\/08\/vn0025_character_01_karen_640.jpg\" alt=\"\" \/><\/p>\n<p>Nh\u01b0ng d\u01b0\u1eddng nh\u01b0 cu\u1ed1i c\u00f9ng t\u00f4i c\u0169ng \u0111\u00e3 c\u00f3 th\u1ec3 theo \u0111u\u1ed5i gi\u1ea5c m\u01a1 c\u1ee7a m\u00ecnh!!<\/p>\n<p><img decoding=\"async\" title=\"\" src=\"https:\/\/japamanga.com\/vn\/wp-content\/uploads\/2015\/08\/vn0025_character_02_kazumasa_640.jpg\" alt=\"\" \/><\/p>\n<p>C\u00f4 g\u00e1i tr\u00f4ng r\u1ea5t gian kia tr\u00e1nh d\u00f9m ra c\u00e1i n\u00e0o<\/p>\n<p><img decoding=\"async\" title=\"\" src=\"https:\/\/japamanga.com\/vn\/wp-content\/uploads\/2015\/08\/vn0025_character_03_keiji_640.jpg\" alt=\"\" \/><\/p>\n<p>Xin ch\u00e0o , \u0111\u1ec1 thi \u0111\u1ea7u ti\u00ean s\u1ebd do ta \u0111\u01b0a ra\u266a<\/p>\n<p><img decoding=\"async\" title=\"\" src=\"https:\/\/japamanga.com\/vn\/wp-content\/uploads\/2015\/08\/vn0025_character_04_rei_640.jpg\" alt=\"\" \/><\/p>\n<p>c\u00f3 ch\u01a1i c\u00f9ng em \u0111\u01b0\u1ee3c kh\u00f4ng?<\/p>\n<p><img decoding=\"async\" title=\"\" src=\"https:\/\/japamanga.com\/vn\/wp-content\/uploads\/2015\/08\/vn0025_character_06_sachiko_640.jpg\" alt=\"\" \/><\/p>\n<p>b\u00e1c tin ch\u00e1u s\u1ebd tr\u1edf th\u00e0nh m\u1ed9t qu\u1ea3n gia gi\u1ecfi!!<\/p>\n<p><img decoding=\"async\" title=\"\" src=\"https:\/\/japamanga.com\/vn\/wp-content\/uploads\/2015\/08\/vn0025_character_07_seiran_640.jpg\" alt=\"\" \/><\/p>\n<p>\u0111\u00fang v\u1eady nh\u1ec9\u2026c\u00e1c c\u1eadu ch\u1ee7 \u0111\u00e3 th\u1ef1c s\u1ef1 thay \u0111\u1ed5i r\u1ed3i nh\u1ec9?<\/p>\n<p><img decoding=\"async\" title=\"\" src=\"https:\/\/japamanga.com\/vn\/wp-content\/uploads\/2015\/08\/vn0025_character_08_tami_640.jpg\" alt=\"\" \/><\/p>\n<p>v\u1eady th\u00ec c\u1eadu ch\u1ee7 Keizi d\u00f9ng n\u01b0\u1edbc cam nh\u00e9<\/p>\n<p><img decoding=\"async\" title=\"\" src=\"https:\/\/japamanga.com\/vn\/wp-content\/uploads\/2015\/08\/vn0025_character_09_okusama_640.jpg\" alt=\"\" \/><\/p>\n<p>B\u00e0 Tami \u0111\u00e3 pha h\u1ed3ng tr\u00e0 cho c\u00e1c con \u0111\u00f3<\/p>\n<p><script async src=\"\/\/pagead2.googlesyndication.com\/pagead\/js\/adsbygoogle.js\"><\/script><\/p>\n<p><!-- japamangadisplay --><\/p>\n<p><ins class=\"adsbygoogle\" style=\"display: block;\" data-ad-client=\"ca-pub-6827739072170318\" data-ad-slot=\"4699615788\" data-ad-format=\"auto\"><\/ins> <script>\n(adsbygoogle = window.adsbygoogle || []).push({});\n<\/script><\/p>\n","protected":false},"excerpt":{"rendered":"<p>Nh\u01b0ng d\u01b0\u1eddng nh\u01b0 cu\u1ed1i c\u00f9ng t\u00f4i  [&hellip;]<\/p>\n","protected":false},"author":1,"featured_media":36,"parent":0,"menu_order":2,"comment_status":"closed","ping_status":"closed","template":"","meta":{"_price":"","_stock":"","_tribe_ticket_header":"","_tribe_default_ticket_provider":"","_tribe_ticket_capacity":"0","_ticket_start_date":"","_ticket_end_date":"","_tribe_ticket_show_description":"","_tribe_ticket_show_not_going":false,"_tribe_ticket_use_global_stock":"","_tribe_ticket_global_stock_level":"","_global_stock_mode":"","_global_stock_cap":"","_tribe_rsvp_for_event":"","_tribe_ticket_going_count":"","_tribe_ticket_not_going_count":"","_tribe_tickets_list":"[]","_tribe_ticket_has_attendee_info_fields":false,"vkexunit_cta_each_option":"","footnotes":"","_tec_slr_enabled":"","_tec_slr_layout":""},"class_list":["post-31","page","type-page","status-publish","has-post-thumbnail","hentry"],"ticketed":false,"_links":{"self":[{"href":"https:\/\/japamanga.com\/vn\/wp-json\/wp\/v2\/pages\/31","targetHints":{"allow":["GET"]}}],"collection":[{"href":"https:\/\/japamanga.com\/vn\/wp-json\/wp\/v2\/pages"}],"about":[{"href":"https:\/\/japamanga.com\/vn\/wp-json\/wp\/v2\/types\/page"}],"author":[{"embeddable":true,"href":"https:\/\/japamanga.com\/vn\/wp-json\/wp\/v2\/users\/1"}],"replies":[{"embeddable":true,"href":"https:\/\/japamanga.com\/vn\/wp-json\/wp\/v2\/comments?post=31"}],"version-history":[{"count":14,"href":"https:\/\/japamanga.com\/vn\/wp-json\/wp\/v2\/pages\/31\/revisions"}],"predecessor-version":[{"id":124,"href":"https:\/\/japamanga.com\/vn\/wp-json\/wp\/v2\/pages\/31\/revisions\/124"}],"wp:featuredmedia":[{"embeddable":true,"href":"https:\/\/japamanga.com\/vn\/wp-json\/wp\/v2\/media\/36"}],"wp:attachment":[{"href":"https:\/\/japamanga.com\/vn\/wp-json\/wp\/v2\/media?parent=31"}],"curies":[{"name":"wp","href":"https:\/\/api.w.org\/{rel}","templated":true}]}}