{"id":43,"date":"2015-08-22T15:53:03","date_gmt":"2015-08-22T06:53:03","guid":{"rendered":"https:\/\/japamanga.com\/vn\/?page_id=43"},"modified":"2018-05-29T13:24:59","modified_gmt":"2018-05-29T04:24:59","slug":"chuong","status":"publish","type":"page","link":"https:\/\/japamanga.com\/vn\/chuong\/","title":{"rendered":"ch\u01b0\u01a1ng 1,2,3"},"content":{"rendered":"<p><script async src=\"\/\/pagead2.googlesyndication.com\/pagead\/js\/adsbygoogle.js\"><\/script><br \/>\n<!-- japamangadisplay --><br \/>\n<ins class=\"adsbygoogle\"\n     style=\"display:block\"\n     data-ad-client=\"ca-pub-6827739072170318\"\n     data-ad-slot=\"4699615788\"\n     data-ad-format=\"auto\"><\/ins><br \/>\n<script>\n(adsbygoogle = window.adsbygoogle || []).push({});\n<\/script><\/p>\n<p><a href=\"https:\/\/play.google.com\/store\/books\/details\/Sayuri_SAKAI_V%C3%AC_t%C3%B4i_l%C3%A0_ng%C6%B0%E1%BB%9Di_gi%C3%BAp_vi%E1%BB%87c_1?id=ZqeUAwAAQBAJ\" target=\"_blank\" rel=\"noopener\"><img loading=\"lazy\" decoding=\"async\" class=\"alignnone\" src=\"https:\/\/japamanga.com\/vn\/wp-content\/uploads\/2015\/08\/01re.png\" alt=\"\" width=\"600\" height=\"839\" \/><\/a><\/p>\n<p><a class=\"btn btn-primary btn-lg btn-block\" href=\"https:\/\/play.google.com\/store\/books\/details\/Sayuri_SAKAI_V%C3%AC_t%C3%B4i_l%C3%A0_ng%C6%B0%E1%BB%9Di_gi%C3%BAp_vi%E1%BB%87c_1?id=ZqeUAwAAQBAJ\" target=\"_blank\" rel=\"noopener\">Google Play [V\u00ec t\u00f4i l\u00e0 ng\u01b0\u1eddi gi\u00fap vi\u1ec7c! 1]<\/a><\/p>\n<p>ch\u00e1u c\u0169ng s\u1ebd tr\u1edf th\u00e0nh ng\u01b0\u1eddi gi\u00fap vi\u1ec7c tuy\u1ec7t v\u1eddi gi\u1ed1ng nh\u01b0 b\u00e0\u00a0<\/p>\n<p> C\u00f4 g\u00e1i tr\u00f4ng r\u1ea5t gian kia tr\u00e1nh d\u00f9m ra c\u00e1i n\u00e0o<\/p>\n<p> h\u00e1?<\/p>\n<p> g\u00ec \u0111\u00e2y?<\/p>\n<p> L\u1ea1i l\u00e0 nh\u1eefng k\u1ebb \u0111eo b\u00e1m \u00e0 ?<\/p>\n<p> kh\u00f4ng ph\u1ea3i th\u00ec ch\u1eafc l\u00e0 \u0111\u1ebfn d\u1ef1 tuy\u1ec3n ng\u01b0\u1eddi gi\u00fap vi\u1ec7c ?<\/p>\n<p> N\u1ebfu v\u1eady th\u00ec \u0111\u0103ng k\u00fd \u1edf \u0111\u1eb1ng kia<\/p>\n<p> Wa- m\u00ecnh th\u1eadt l\u00e0!!<\/p>\n<p><a href=\"https:\/\/play.google.com\/store\/books\/details\/Sayuri_SAKAI_V%C3%AC_t%C3%B4i_l%C3%A0_ng%C6%B0%E1%BB%9Di_gi%C3%BAp_vi%E1%BB%87c_2?id=vKuUAwAAQBAJ\" target=\"_blank\" rel=\"noopener\"><img loading=\"lazy\" decoding=\"async\" class=\"alignnone\" src=\"https:\/\/japamanga.com\/vn\/wp-content\/uploads\/2015\/08\/02re.png\" alt=\"\" width=\"600\" height=\"839\" \/><\/a><\/p>\n<p><a class=\"btn btn-primary btn-lg btn-block\" href=\"https:\/\/play.google.com\/store\/books\/details\/Sayuri_SAKAI_V%C3%AC_t%C3%B4i_l%C3%A0_ng%C6%B0%E1%BB%9Di_gi%C3%BAp_vi%E1%BB%87c_2?id=vKuUAwAAQBAJ\" target=\"_blank\" rel=\"noopener\">Google Play [V\u00ec t\u00f4i l\u00e0 ng\u01b0\u1eddi gi\u00fap vi\u1ec7c! 2]<\/a><\/p>\n<p>c\u00f4 b\u1ecb l\u00e0m sao th\u1ebf!? Sao c\u00f4 d\u00e1m ng\u00e3 v\u00e0o long th\u1ec3 c\u1ee7a t\u00f4i h\u1ea3??<\/p>\n<p> v\u1eeba n\u00e3y t\u00f4i gi\u1eabm ph\u1ea3i c\u00e1i ch\u1ed5i c\u1eadu ch\u1ee7 qu\u00ean kh\u00f4ng c\u1ea5t n\u00ean b\u1ecb ng\u00e3 \u0111\u1ea5y ch\u1ee9 \u1ea1!!<\/p>\n<p> v\u00e2ng!<\/p>\n<p> t\u00f4i th\u1ef1c s\u1ef1 xin l\u1ed7i!!<\/p>\n<p> L\u1ea1i c\u00f2n c\u1ea3 c\u00e1i v\u1ecb tr\u00e0 c\u1ee7a b\u1eefa s\u00e1ng n\u1eefa! C\u00f4 nh\u1ea7m kh\u1ea9u v\u1ecb c\u1ee7a t\u00f4i v\u1edbi Keiji r\u1ed3i \u0111\u1ea5y! Th\u1ebf m\u00e0 t\u00f4i c\u1ee9 ngh\u0129 c\u00f4 gi\u1ecfi pha tr\u00e0 l\u1eafm!!<\/p>\n<p> t\u00f4i s\u1ebd \u0111u\u1ed5i vi\u1ec7c c\u00f4 n\u1ebfu c\u00f4 v\u1eabn gi\u1eef th\u00e1i \u0111\u1ed7 th\u1ea5t l\u1ec5 nh\u01b0 th\u1ebf \u0111\u1ea5y.<\/p>\n<p> \u0111u\u1ed5i vi\u1ec7c??!!<\/p>\n<p><a href=\"https:\/\/play.google.com\/store\/books\/details\/Sayuri_SAKAI_V%C3%AC_t%C3%B4i_l%C3%A0_ng%C6%B0%E1%BB%9Di_gi%C3%BAp_vi%E1%BB%87c_3?id=mqyUAwAAQBAJ\" target=\"_blank\" rel=\"noopener\"><img loading=\"lazy\" decoding=\"async\" class=\"alignnone\" src=\"https:\/\/japamanga.com\/vn\/wp-content\/uploads\/2015\/08\/03re.png\" alt=\"\" width=\"600\" height=\"839\" \/><\/a><\/p>\n<p><a class=\"btn btn-primary btn-lg btn-block\" href=\"https:\/\/play.google.com\/store\/books\/details\/Sayuri_SAKAI_V%C3%AC_t%C3%B4i_l%C3%A0_ng%C6%B0%E1%BB%9Di_gi%C3%BAp_vi%E1%BB%87c_3?id=mqyUAwAAQBAJ\" target=\"_blank\" rel=\"noopener\">Google Play [V\u00ec t\u00f4i l\u00e0 ng\u01b0\u1eddi gi\u00fap vi\u1ec7c! 3]<\/a><\/p>\n<p>\u00e0 c\u1eadu Keiji, c\u1eadu Kazumasa, c\u1eadu Rei n\u00e0y&#8230;<\/p>\n<p> h\u00f4m nay th\u1eadt s\u1ef1 t\u00f4i r\u1ea5t c\u00e1m \u01a1n \u1ea1.<\/p>\n<p> T\u00f4i \u0111\u00e3 n\u00f3i ra nh\u1eefng l\u1eddi th\u1eadt kh\u00f4ng \u0111\u00e1ng, nh\u01b0ng c\u00e1c c\u1eadu v\u1eabn c\u1ea3m th\u00f4ng v\u1edbi t\u00f4i<\/p>\n<p> \u0111i\u1ec1u \u0111\u00f3 c\u1ee9 nh\u01b0 l\u00e0 m\u01a1 v\u1eady\u2026<\/p>\n<p> xong l\u1ea1i c\u00f2n \u0111\u01b0\u1ee3c c\u00e1c c\u1eadu ch\u1edf \u0111i \u0111\u1ebfn n\u01a1i \u1ea5y n\u1eefa<\/p>\n<p> \u0111\u01b0\u1ee3c r\u1ed3i m\u00e0..<\/p>\n<p> ch\u00fang t\u00f4i kh\u00f4ng th\u1ec3 t\u1eeb ch\u1ed1i mong mu\u1ed1n c\u1ee7a m\u1ed9t co b\u00e9 d\u1ec5 th\u01b0\u01a1ng nh\u01b0 Karen \u0111\u01b0\u1ee3c \u266a<\/p>\n<p><script async src=\"\/\/pagead2.googlesyndication.com\/pagead\/js\/adsbygoogle.js\"><\/script><br \/>\n<!-- japamangadisplay --><br \/>\n<ins class=\"adsbygoogle\"\n     style=\"display:block\"\n     data-ad-client=\"ca-pub-6827739072170318\"\n     data-ad-slot=\"4699615788\"\n     data-ad-format=\"auto\"><\/ins><br \/>\n<script>\n(adsbygoogle = window.adsbygoogle || []).push({});\n<\/script><\/p>\n","protected":false},"excerpt":{"rendered":"<p>Google Play [V\u00ec t\u00f4i l\u00e0 ng\u01b0\u1eddi g [&hellip;]<\/p>\n","protected":false},"author":1,"featured_media":35,"parent":0,"menu_order":1,"comment_status":"closed","ping_status":"closed","template":"","meta":{"_price":"","_stock":"","_tribe_ticket_header":"","_tribe_default_ticket_provider":"","_tribe_ticket_capacity":"0","_ticket_start_date":"","_ticket_end_date":"","_tribe_ticket_show_description":"","_tribe_ticket_show_not_going":false,"_tribe_ticket_use_global_stock":"","_tribe_ticket_global_stock_level":"","_global_stock_mode":"","_global_stock_cap":"","_tribe_rsvp_for_event":"","_tribe_ticket_going_count":"","_tribe_ticket_not_going_count":"","_tribe_tickets_list":"[]","_tribe_ticket_has_attendee_info_fields":false,"vkexunit_cta_each_option":"","footnotes":"","_tec_slr_enabled":"","_tec_slr_layout":""},"class_list":["post-43","page","type-page","status-publish","has-post-thumbnail","hentry"],"ticketed":false,"_links":{"self":[{"href":"https:\/\/japamanga.com\/vn\/wp-json\/wp\/v2\/pages\/43","targetHints":{"allow":["GET"]}}],"collection":[{"href":"https:\/\/japamanga.com\/vn\/wp-json\/wp\/v2\/pages"}],"about":[{"href":"https:\/\/japamanga.com\/vn\/wp-json\/wp\/v2\/types\/page"}],"author":[{"embeddable":true,"href":"https:\/\/japamanga.com\/vn\/wp-json\/wp\/v2\/users\/1"}],"replies":[{"embeddable":true,"href":"https:\/\/japamanga.com\/vn\/wp-json\/wp\/v2\/comments?post=43"}],"version-history":[{"count":18,"href":"https:\/\/japamanga.com\/vn\/wp-json\/wp\/v2\/pages\/43\/revisions"}],"predecessor-version":[{"id":116,"href":"https:\/\/japamanga.com\/vn\/wp-json\/wp\/v2\/pages\/43\/revisions\/116"}],"wp:featuredmedia":[{"embeddable":true,"href":"https:\/\/japamanga.com\/vn\/wp-json\/wp\/v2\/media\/35"}],"wp:attachment":[{"href":"https:\/\/japamanga.com\/vn\/wp-json\/wp\/v2\/media?parent=43"}],"curies":[{"name":"wp","href":"https:\/\/api.w.org\/{rel}","templated":true}]}}